{"id":60,"date":"2018-05-17T13:42:33","date_gmt":"2018-05-17T11:42:33","guid":{"rendered":"http:\/\/asv-winterthur.ch\/?page_id=60"},"modified":"2026-02-08T14:22:31","modified_gmt":"2026-02-08T13:22:31","slug":"jungschuetzen","status":"publish","type":"page","link":"http:\/\/www.asv-winterthur.ch\/?page_id=60","title":{"rendered":"Jungsch\u00fctzen"},"content":{"rendered":"\t\t<div data-elementor-type=\"wp-page\" data-elementor-id=\"60\" class=\"elementor elementor-60\">\n\t\t\t\t\t\t<section class=\"elementor-section elementor-top-section elementor-element elementor-element-73370ac4 elementor-section-boxed elementor-section-height-default elementor-section-height-default\" data-id=\"73370ac4\" data-element_type=\"section\" data-e-type=\"section\">\n\t\t\t\t\t\t<div class=\"elementor-container elementor-column-gap-default\">\n\t\t\t\t\t<div class=\"elementor-column elementor-col-100 elementor-top-column elementor-element elementor-element-10eb9a49\" data-id=\"10eb9a49\" data-element_type=\"column\" data-e-type=\"column\">\n\t\t\t<div class=\"elementor-widget-wrap elementor-element-populated\">\n\t\t\t\t\t\t<div class=\"elementor-element elementor-element-6c2faf61 elementor-widget__width-initial elementor-widget elementor-widget-text-editor\" data-id=\"6c2faf61\" data-element_type=\"widget\" data-e-type=\"widget\" data-widget_type=\"text-editor.default\">\n\t\t\t\t<div class=\"elementor-widget-container\">\n\t\t\t\t\t\t\t\t\t<p><strong>Einladung zur Teilnahme am Jungsch\u00fctzenkurs 2026<\/strong><\/p>\n<p><!-- \/wp:paragraph --><\/p>\n<p><!-- wp:paragraph --><\/p>\n<p><span style=\"font-size: 16px;\">Liebe angehende Jungsch\u00fctzen und Jungsch\u00fctzinnen<\/span><\/p>\n<p><!-- \/wp:paragraph --><\/p>\n<p><!-- wp:paragraph --><\/p>\n<p>Seit Ihr daran interessiert den Schiesssport mit dem High-Tech Ger\u00e4t dem Gewehr n\u00e4her kennen zu lernen? Habt Ihr Ausdauer und Geduld? Und an Dienstagabenden und Samstagen freie Zeit?<\/p>\n<p><!-- \/wp:paragraph --><\/p>\n<p><!-- wp:paragraph --><\/p>\n<p><strong>Wenn Ihr diese Fragen mit ja beantworten k\u00f6nnt, dann lest bitte weiter.<\/strong><\/p>\n<p><!-- \/wp:paragraph --><\/p>\n<p><!-- wp:paragraph --><\/p>\n<p>Der ASV Winterthur, welcher im Ohrb\u00fchl Winterthur trainiert, bietet 2026 erneut einen Jugend und Jungsch\u00fctzen-Kurs an. Der Kurs findet von Anfangs M\u00e4rz bis Ende Mitte November statt.<\/p>\n<p><!-- \/wp:paragraph --><\/p>\n<p><!-- wp:paragraph --><\/p>\n<p><a href=\"http:\/\/www.asv-winterthur.ch\/wp-content\/uploads\/2026\/02\/Werbebrief.pdf\"><strong>Zum Werbebrief<\/strong><\/a><\/p>\n<p><strong><a style=\"font-family: var( --e-global-typography-text-font-family ), Sans-serif; background-color: #ffffff; font-size: 1rem;\" href=\"http:\/\/www.asv-winterthur.ch\/wp-content\/uploads\/2026\/02\/Kursprogramm2026.pdf\" target=\"_blank\" rel=\"noopener\">Zum Kursprogramm 2026<\/a><\/strong><\/p>\n<p>Teilnahmebedingungen<\/p>\n<p><!-- \/wp:paragraph --><\/p>\n<p><!-- wp:list --><\/p>\n<ul>\n<li style=\"list-style-type: none;\">\n<ul><!-- wp:list-item --><\/ul>\n<\/li>\n<\/ul>\n<ul>\n<li style=\"list-style-type: none;\">\n<ul>\n<li>Schweizer Staatsb\u00fcrger<\/li>\n<li>Alter Jungendkurse 10 &#8211; 14 J\u00e4hrige<\/li>\n<li>Alter Jungsch\u00fctzenkurse 15 &#8211; 20 J\u00e4hrige<\/li>\n<\/ul>\n<\/li>\n<\/ul>\n<p><!-- \/wp:list-item --><\/p>\n<p><!-- wp:list-item --><\/p>\n<ul>\n<li style=\"list-style-type: none;\">\u00a0\u00a0<strong style=\"color: var( --e-global-color-text ); font-family: var( --e-global-typography-text-font-family ), Sans-serif; font-size: 1rem;\">In diesen Kursen lernt Ihr<\/strong><\/li>\n<\/ul>\n<p><!-- \/wp:paragraph --><\/p>\n<p><!-- wp:paragraph --><\/p>\n<p>\u2022 Sicherheit<br \/>\u2022 richtige Handhabung des Sturmgewehres 90<br \/>\u2022 Schiesstechnik<br \/>\u2022 Kameradschaft<br \/>\u2022 Disziplin<\/p>\n<p><!-- \/wp:paragraph --><\/p>\n<p><!-- wp:paragraph --><\/p>\n<p><strong>wir bieten:<\/strong><\/p>\n<p><!-- \/wp:paragraph --><\/p>\n<p><!-- wp:paragraph --><\/p>\n<p>\u2022 erfahrene Ausbildner<br \/>\u2022 Wettkampfluft schnuppern<br \/>\u2022 ein ausgewogenes Jahresprogramm<br \/>\u2022 mehr als nur Schiessen<\/p>\n<p><!-- \/wp:paragraph --><\/p>\n<p><!-- wp:paragraph --><\/p>\n<p><strong>Na, haben wir Dich \u00fcberzeugt? Bist Du 2026 dabei?<\/strong><\/p>\n<p><!-- \/wp:paragraph --><\/p>\n<p><!-- wp:paragraph --><\/p>\n<p>Dann klickt hier auf das <a href=\"http:\/\/www.asv-winterthur.ch\/wp-content\/uploads\/2026\/02\/Anmeldetalon2026.doc\"><strong>Anmeldeformular<\/strong><\/a> und f\u00fcllt es aus.<\/p>\n<p><!-- \/wp:paragraph --><\/p>\n<p><!-- wp:paragraph --><\/p>\n<p>Habt Ihr vielleicht noch Freunde\/innen, welche bereits 1 Jahr \u00e4lter und auch\u00a0<strong>Schweizer Staatsangeh\u00f6rige<\/strong> sind, und auch Interesse an diesem Kurs h\u00e4tten? Kein Problem: Sie k\u00f6nnen sich ebenfalls <a href=\"http:\/\/www.asv-winterthur.ch\/wp-content\/uploads\/2025\/02\/Anmeldetalon2025.doc\"><strong>hier<\/strong><\/a> anmelden.<\/p>\n<p><!-- \/wp:paragraph --><\/p>\n<p><!-- wp:paragraph --><\/p>\n<p>Die Teilnahme ist grunds\u00e4tzlich gratis, jedoch verlangen wir ein Depot, welches Ihr bei Abschluss des kompletten Kurses wieder zur\u00fcck erhaltet.<\/p>\n<p><!-- \/wp:paragraph --><\/p>\n<p><!-- wp:paragraph --><\/p>\n<p>Wir freuen uns auf zahlreiche Anmeldungen bis sp\u00e4testens\u00a0<strong>15. Februar 2026<\/strong>. Bei allf\u00e4lligen Fragen z\u00f6gert nicht, uns zu kontaktieren.<\/p>\n<p><!-- \/wp:paragraph --><\/p>\t\t\t\t\t\t\t\t<\/div>\n\t\t\t\t<\/div>\n\t\t\t\t\t<\/div>\n\t\t<\/div>\n\t\t\t\t\t<\/div>\n\t\t<\/section>\n\t\t\t\t<\/div>\n\t\t","protected":false},"excerpt":{"rendered":"<p>Einladung zur Teilnahme am Jungsch\u00fctzenkurs 2026 Liebe angehende Jungsch\u00fctzen und Jungsch\u00fctzinnen Seit Ihr daran interessiert den Schiesssport mit dem High-Tech Ger\u00e4t dem Gewehr n\u00e4her kennen zu lernen? Habt Ihr Ausdauer und Geduld? Und an Dienstagabenden und Samstagen freie Zeit? Wenn Ihr diese Fragen mit ja beantworten k\u00f6nnt, dann lest bitte weiter. Der ASV Winterthur, welcher &hellip; <\/p>\n<p class=\"link-more\"><a href=\"http:\/\/www.asv-winterthur.ch\/?page_id=60\" class=\"more-link\"><span class=\"screen-reader-text\">\u201eJungsch\u00fctzen\u201c<\/span> weiterlesen<\/a><\/p>\n","protected":false},"author":2,"featured_media":0,"parent":0,"menu_order":0,"comment_status":"closed","ping_status":"closed","template":"","meta":{"footnotes":""},"class_list":["post-60","page","type-page","status-publish","hentry"],"_links":{"self":[{"href":"http:\/\/www.asv-winterthur.ch\/index.php?rest_route=\/wp\/v2\/pages\/60","targetHints":{"allow":["GET"]}}],"collection":[{"href":"http:\/\/www.asv-winterthur.ch\/index.php?rest_route=\/wp\/v2\/pages"}],"about":[{"href":"http:\/\/www.asv-winterthur.ch\/index.php?rest_route=\/wp\/v2\/types\/page"}],"author":[{"embeddable":true,"href":"http:\/\/www.asv-winterthur.ch\/index.php?rest_route=\/wp\/v2\/users\/2"}],"replies":[{"embeddable":true,"href":"http:\/\/www.asv-winterthur.ch\/index.php?rest_route=%2Fwp%2Fv2%2Fcomments&post=60"}],"version-history":[{"count":110,"href":"http:\/\/www.asv-winterthur.ch\/index.php?rest_route=\/wp\/v2\/pages\/60\/revisions"}],"predecessor-version":[{"id":1509,"href":"http:\/\/www.asv-winterthur.ch\/index.php?rest_route=\/wp\/v2\/pages\/60\/revisions\/1509"}],"wp:attachment":[{"href":"http:\/\/www.asv-winterthur.ch\/index.php?rest_route=%2Fwp%2Fv2%2Fmedia&parent=60"}],"curies":[{"name":"wp","href":"https:\/\/api.w.org\/{rel}","templated":true}]}}