{"id":580,"date":"2019-12-08T16:56:25","date_gmt":"2019-12-08T15:56:25","guid":{"rendered":"http:\/\/asv-winterthur.ch\/?page_id=580"},"modified":"2019-12-08T17:02:45","modified_gmt":"2019-12-08T16:02:45","slug":"150-jahre-asv","status":"publish","type":"page","link":"http:\/\/www.asv-winterthur.ch\/?page_id=580","title":{"rendered":"150 Jahre ASV"},"content":{"rendered":"<p>Der Arbeiterschiessverein Winterthur zelebrierte\u00a0<strong>2019 sein 150-j\u00e4hriges Jubil\u00e4um.<\/strong>\u00a0Unsere grossz\u00fcgigen <a href=\"http:\/\/asv-winterthur.ch\/?page_id=280\">Sponsoren<\/a> und <a href=\"http:\/\/asv-winterthur.ch\/?page_id=342\">Donatoren<\/a> gew\u00e4hrten uns dabei finanzielle Sch\u00fctzenhilfe. <a href=\"http:\/\/asv-winterthur.ch\/?page_id=528\">Hier<\/a> findet ihr noch die Festsieger und die Ranglisten. Wir danken Euch herzlich f\u00fcr die zahlreiche Teilnahme!<\/p>\n","protected":false},"excerpt":{"rendered":"<p>Der Arbeiterschiessverein Winterthur zelebrierte\u00a02019 sein 150-j\u00e4hriges Jubil\u00e4um.\u00a0Unsere grossz\u00fcgigen Sponsoren und Donatoren gew\u00e4hrten uns dabei finanzielle Sch\u00fctzenhilfe. Hier findet ihr noch die Festsieger und die Ranglisten. Wir danken Euch herzlich f\u00fcr die zahlreiche Teilnahme!<\/p>\n","protected":false},"author":2,"featured_media":0,"parent":0,"menu_order":0,"comment_status":"closed","ping_status":"closed","template":"","meta":{"footnotes":""},"class_list":["post-580","page","type-page","status-publish","hentry"],"_links":{"self":[{"href":"http:\/\/www.asv-winterthur.ch\/index.php?rest_route=\/wp\/v2\/pages\/580","targetHints":{"allow":["GET"]}}],"collection":[{"href":"http:\/\/www.asv-winterthur.ch\/index.php?rest_route=\/wp\/v2\/pages"}],"about":[{"href":"http:\/\/www.asv-winterthur.ch\/index.php?rest_route=\/wp\/v2\/types\/page"}],"author":[{"embeddable":true,"href":"http:\/\/www.asv-winterthur.ch\/index.php?rest_route=\/wp\/v2\/users\/2"}],"replies":[{"embeddable":true,"href":"http:\/\/www.asv-winterthur.ch\/index.php?rest_route=%2Fwp%2Fv2%2Fcomments&post=580"}],"version-history":[{"count":2,"href":"http:\/\/www.asv-winterthur.ch\/index.php?rest_route=\/wp\/v2\/pages\/580\/revisions"}],"predecessor-version":[{"id":585,"href":"http:\/\/www.asv-winterthur.ch\/index.php?rest_route=\/wp\/v2\/pages\/580\/revisions\/585"}],"wp:attachment":[{"href":"http:\/\/www.asv-winterthur.ch\/index.php?rest_route=%2Fwp%2Fv2%2Fmedia&parent=580"}],"curies":[{"name":"wp","href":"https:\/\/api.w.org\/{rel}","templated":true}]}}