{"id":528,"date":"2019-05-01T20:02:04","date_gmt":"2019-05-01T18:02:04","guid":{"rendered":"http:\/\/asv-winterthur.ch\/?page_id=528"},"modified":"2024-04-21T12:21:55","modified_gmt":"2024-04-21T10:21:55","slug":"rangliste","status":"publish","type":"page","link":"http:\/\/www.asv-winterthur.ch\/?page_id=528","title":{"rendered":"Rangliste"},"content":{"rendered":"\t\t<div data-elementor-type=\"wp-page\" data-elementor-id=\"528\" class=\"elementor elementor-528\">\n\t\t\t\t\t\t<section class=\"elementor-section elementor-top-section elementor-element elementor-element-35651d3d elementor-section-boxed elementor-section-height-default elementor-section-height-default\" data-id=\"35651d3d\" data-element_type=\"section\" data-e-type=\"section\">\n\t\t\t\t\t\t<div class=\"elementor-container elementor-column-gap-default\">\n\t\t\t\t\t<div class=\"elementor-column elementor-col-100 elementor-top-column elementor-element elementor-element-67f3e22a\" data-id=\"67f3e22a\" data-element_type=\"column\" data-e-type=\"column\">\n\t\t\t<div class=\"elementor-widget-wrap elementor-element-populated\">\n\t\t\t\t\t\t<div class=\"elementor-element elementor-element-29681c7 elementor-widget elementor-widget-text-editor\" data-id=\"29681c7\" data-element_type=\"widget\" data-e-type=\"widget\" data-widget_type=\"text-editor.default\">\n\t\t\t\t<div class=\"elementor-widget-container\">\n\t\t\t\t\t\t\t\t\t\n<p>Herzlichen Gl\u00fcckwunsch den Gewinnern und Gewinnerinnen des <br \/>Jubil\u00e4umsschiessens 150 Jahre ASV Winterthur.<\/p>\n\n<h4 class=\"wp-block-heading\">Ehrengaben aus Kombiniertem Vereins- und Jubil\u00e4umswettkampf<\/h4>\n\n<table class=\"wp-block-table\">\n<tbody>\n<tr>\n<td><strong> Festsieger<\/strong><\/td>\n<td>\u00a0<\/td>\n<td><strong>CHF 200<\/strong><\/td>\n<\/tr>\n<tr>\n<td>Siegenthaler Sven (Jg. 1996)<\/td>\n<td>148 Pkt.<\/td>\n<td>Oberwinterthur Standsch\u00fctzen<\/td>\n<\/tr>\n<tr>\n<td><strong>Kategorie Damen<\/strong><\/td>\n<td>\u00a0<\/td>\n<td><strong>CHF 150<\/strong><\/td>\n<\/tr>\n<tr>\n<td>Burri Rahel (Jg. 1987)<\/td>\n<td>146 Pkt.<\/td>\n<td>Ottikon Sch\u00fctzengesellschaft<\/td>\n<\/tr>\n<tr>\n<td><strong>Kategorie Seniorveteranen<\/strong><\/td>\n<td>\u00a0<\/td>\n<td><strong>CHF 150<\/strong><\/td>\n<\/tr>\n<tr>\n<td>Jung Albert (Jg. 1942)<\/td>\n<td>143 Pkt.<\/td>\n<td>Zuzwil Sch\u00fctzenverein<\/td>\n<\/tr>\n<tr>\n<td><strong>Kategorie Veteranen<\/strong><\/td>\n<td>\u00a0<\/td>\n<td><strong>CHF 150<\/strong><\/td>\n<\/tr>\n<tr>\n<td>Breitenmoser Georg (Jg. 1959)<\/td>\n<td>146 Pkt.<\/td>\n<td>B\u00fctschwil Sch\u00fctzengesellschaft<\/td>\n<\/tr>\n<tr>\n<td><strong>Kategorie Junioren U21<\/strong><\/td>\n<td>\u00a0<\/td>\n<td><strong>CHF 100<\/strong><\/td>\n<\/tr>\n<tr>\n<td>Girsberger Luca (Jg. 2002)<\/td>\n<td>140 Pkt.<\/td>\n<td>Truttikon Milit\u00e4rsch\u00fctzenverein<\/td>\n<\/tr>\n<tr>\n<td><strong>Kategorie Junioren U17<\/strong><\/td>\n<td>\u00a0<\/td>\n<td><strong>CHF 100<\/strong><\/td>\n<\/tr>\n<tr>\n<td>Annunziata Aniello (Jg. 2004)<\/td>\n<td>135 Pkt.<\/td>\n<td>Hagenbuch-Schneit<\/td>\n<\/tr>\n<\/tbody>\n<\/table>\n\n<h4 class=\"wp-block-heading\">Sektionswettkampf<\/h4>\n\n<table class=\"wp-block-table\">\n<tbody>\n<tr>\n<td><strong>1. Rang Vereinskategorie 1<\/strong><\/td>\n<td><strong>CHF 150<\/strong><\/td>\n<\/tr>\n<tr>\n<td>Oberwinterthur Standsch\u00fctzen<\/td>\n<td>97.135 Pkt. \u00d8<\/td>\n<\/tr>\n<tr>\n<td><strong>1.<\/strong> <strong>Rang Vereinskategorie 2<\/strong><\/td>\n<td><strong>CHF 150<\/strong><\/td>\n<\/tr>\n<tr>\n<td>Basadingen Freiwilliger Schiessverein<\/td>\n<td>93.110 Pkt. \u00d8<\/td>\n<\/tr>\n<tr>\n<td><strong>1. Rang Vereinskategorie 3<\/strong><\/td>\n<td><strong>CHF 150<\/strong><\/td>\n<\/tr>\n<tr>\n<td>Tr\u00fcllikon Cholfirst Sch\u00fctzen<\/td>\n<td>91.405 Pkt. \u00d8<\/td>\n<\/tr>\n<tr>\n<td><strong>1. Rang Vereinskategorie 4<\/strong><\/td>\n<td><strong>CHF 150<\/strong><\/td>\n<\/tr>\n<tr>\n<td>Winterthur Stadtsch\u00fctzen<\/td>\n<td>84.767 Pkt. \u00d8<\/td>\n<\/tr>\n<\/tbody>\n<\/table>\n\n<p>Die Rangierung erfolgt in folgender Reihenfolge:<br \/>Sektionsstich\/Tiefschuss\/Jubil\u00e4umsstich\/Jahrgang<\/p>\n\n<p>Wir danken euch f\u00fcr die zahlreiche Teilnahme und freuen uns euch n\u00e4chstes Jahr wieder zum Eulach-Schiessen begr\u00fcssen zu d\u00fcrfen.<\/p>\n\t\t\t\t\t\t\t\t<\/div>\n\t\t\t\t<\/div>\n\t\t\t\t\t<\/div>\n\t\t<\/div>\n\t\t\t\t\t<\/div>\n\t\t<\/section>\n\t\t\t\t<\/div>\n\t\t","protected":false},"excerpt":{"rendered":"<p>Herzlichen Gl\u00fcckwunsch den Gewinnern und Gewinnerinnen des Jubil\u00e4umsschiessens 150 Jahre ASV Winterthur. Ehrengaben aus Kombiniertem Vereins- und Jubil\u00e4umswettkampf Festsieger \u00a0 CHF 200 Siegenthaler Sven (Jg. 1996) 148 Pkt. Oberwinterthur Standsch\u00fctzen Kategorie Damen \u00a0 CHF 150 Burri Rahel (Jg. 1987) 146 Pkt. Ottikon Sch\u00fctzengesellschaft Kategorie Seniorveteranen \u00a0 CHF 150 Jung Albert (Jg. 1942) 143 Pkt. Zuzwil &hellip; <\/p>\n<p class=\"link-more\"><a href=\"http:\/\/www.asv-winterthur.ch\/?page_id=528\" class=\"more-link\"><span class=\"screen-reader-text\">\u201eRangliste\u201c<\/span> weiterlesen<\/a><\/p>\n","protected":false},"author":2,"featured_media":0,"parent":0,"menu_order":0,"comment_status":"closed","ping_status":"closed","template":"","meta":{"footnotes":""},"class_list":["post-528","page","type-page","status-publish","hentry"],"_links":{"self":[{"href":"http:\/\/www.asv-winterthur.ch\/index.php?rest_route=\/wp\/v2\/pages\/528","targetHints":{"allow":["GET"]}}],"collection":[{"href":"http:\/\/www.asv-winterthur.ch\/index.php?rest_route=\/wp\/v2\/pages"}],"about":[{"href":"http:\/\/www.asv-winterthur.ch\/index.php?rest_route=\/wp\/v2\/types\/page"}],"author":[{"embeddable":true,"href":"http:\/\/www.asv-winterthur.ch\/index.php?rest_route=\/wp\/v2\/users\/2"}],"replies":[{"embeddable":true,"href":"http:\/\/www.asv-winterthur.ch\/index.php?rest_route=%2Fwp%2Fv2%2Fcomments&post=528"}],"version-history":[{"count":29,"href":"http:\/\/www.asv-winterthur.ch\/index.php?rest_route=\/wp\/v2\/pages\/528\/revisions"}],"predecessor-version":[{"id":1300,"href":"http:\/\/www.asv-winterthur.ch\/index.php?rest_route=\/wp\/v2\/pages\/528\/revisions\/1300"}],"wp:attachment":[{"href":"http:\/\/www.asv-winterthur.ch\/index.php?rest_route=%2Fwp%2Fv2%2Fmedia&parent=528"}],"curies":[{"name":"wp","href":"https:\/\/api.w.org\/{rel}","templated":true}]}}