{"id":280,"date":"2018-10-27T20:54:59","date_gmt":"2018-10-27T18:54:59","guid":{"rendered":"http:\/\/asv-winterthur.ch\/?page_id=280"},"modified":"2019-03-09T16:58:39","modified_gmt":"2019-03-09T15:58:39","slug":"unsere-sponsoren","status":"publish","type":"page","link":"http:\/\/www.asv-winterthur.ch\/?page_id=280","title":{"rendered":"Unsere Sponsoren"},"content":{"rendered":"<p style=\"text-align: center;\"><strong>Das Organisationskomitee dankt unseren Sponsoren ganz herzlich f\u00fcr die grossz\u00fcgige Unterst\u00fctzung. Wir bitten darum alle, bei ihren Eink\u00e4ufen und Arbeitsvergebungen die nachfolgenden Unternehmen zu ber\u00fccksichtigen:<\/strong><\/p>\n<p><a style=\"font-weight: bold; font-size: 0.8125rem; font-style: italic;\" href=\"https:\/\/www.squashcenterohringen.ch\" target=\"_blank\" rel=\"noopener\"><img fetchpriority=\"high\" decoding=\"async\" class=\"aligncenter\" src=\"https:\/\/www.squashcenterohringen.ch\/files\/SCO\/Core\/Logo%20SCO%20transparent.png\" alt=\"\" width=\"400\" height=\"239\" \/><\/a><\/p>\n<p><a href=\"http:\/\/www.autohausschneider.ch\/\" target=\"_blank\" rel=\"noopener\"><img decoding=\"async\" class=\"aligncenter wp-image-299 size-medium\" src=\"http:\/\/asv-winterthur.ch\/wp-content\/uploads\/2018\/10\/AutohausSchneiderLogo-1-300x62.png\" alt=\"\" width=\"300\" height=\"62\" srcset=\"http:\/\/www.asv-winterthur.ch\/wp-content\/uploads\/2018\/10\/AutohausSchneiderLogo-1-300x62.png 300w, http:\/\/www.asv-winterthur.ch\/wp-content\/uploads\/2018\/10\/AutohausSchneiderLogo-1-768x160.png 768w, http:\/\/www.asv-winterthur.ch\/wp-content\/uploads\/2018\/10\/AutohausSchneiderLogo-1-1024x213.png 1024w, http:\/\/www.asv-winterthur.ch\/wp-content\/uploads\/2018\/10\/AutohausSchneiderLogo-1.png 1064w\" sizes=\"(max-width: 300px) 100vw, 300px\" \/><\/a><\/p>\n<p><a href=\"https:\/\/consultest.ch\" target=\"_blank\" rel=\"noopener\"><img decoding=\"async\" class=\"size-medium aligncenter\" src=\"https:\/\/consultest.ch\/assets\/images\/9\/Consultest_DE_sRGB_%402x-0c68f4f9.png\" width=\"311\" height=\"83\" \/><\/a><\/p>\n<p><a href=\"http:\/\/www.wisligzaeller.ch\/\" target=\"_blank\" rel=\"noopener\"><img loading=\"lazy\" decoding=\"async\" class=\"size-medium aligncenter\" src=\"http:\/\/www.wisligzaeller.ch\/media\/88abfd4a-0340-48d3-be44-9aed87b0d122\/QUFvoQ\/Medien%20Wisligzaeller%20Genossenschaft\/Logo\/Wisligzaelerlery.png\" width=\"293\" height=\"180\" \/><\/a><\/p>\n<p><a href=\"http:\/\/www.strolchiarms.ch\/\" target=\"_blank\" rel=\"noopener\"><img loading=\"lazy\" decoding=\"async\" class=\"size-medium aligncenter\" src=\"http:\/\/www.strolchiarms.ch\/alternativ\/Picbearbeitet\/subpage_title2.jpg\" width=\"304\" height=\"98\" \/><\/a><\/p>\n<p><a href=\"https:\/\/www.mobiliar.ch\/versicherungen-und-vorsorge\/generalagenturen\/winterthur\" target=\"_blank\" rel=\"noopener\"><img loading=\"lazy\" decoding=\"async\" class=\"size-medium aligncenter\" src=\"https:\/\/www.mobiliar.ch\/sites\/all\/themes\/mobi\/assets\/images\/mobi_logo_de.svg\" width=\"270\" height=\"153\" \/><\/a><\/p>\n<p><a href=\"http:\/\/www.sius.com\" target=\"_blank\" rel=\"noopener\"><img loading=\"lazy\" decoding=\"async\" class=\"size-medium aligncenter\" src=\"http:\/\/sius.se\/img\/Sius_Logo.png\" width=\"270\" height=\"131\" \/><\/a><\/p>\n<p><a href=\"http:\/\/www.zehnder-handel.ch\" target=\"_blank\" rel=\"noopener\"><img loading=\"lazy\" decoding=\"async\" class=\"size-medium aligncenter\" src=\"http:\/\/www.zehnder-handel.ch\/frontend\/layout\/images\/logohandel.png\" width=\"395\" height=\"85\" \/><\/a><\/p>\n<p><a href=\"https:\/\/www.naturaktiv.ch\/\" target=\"_blank\" rel=\"noopener\"><img loading=\"lazy\" decoding=\"async\" class=\"size-medium aligncenter\" src=\"https:\/\/www.naturaktiv.ch\/media\/logo\/stores\/1\/na.png\" width=\"344\" height=\"70\" \/><\/a><\/p>\n<p><a href=\"https:\/\/www.oekk.ch\" target=\"_blank\" rel=\"noopener\"><img loading=\"lazy\" decoding=\"async\" class=\"size-medium aligncenter\" src=\"https:\/\/www.oekk.ch\/assets\/img\/content\/logo-oekk@2x.png\" width=\"314\" height=\"116\" \/><\/a><\/p>\n<p><a href=\"https:\/\/renehild-tactical.ch\/\" target=\"_blank\" rel=\"noopener\"><img loading=\"lazy\" decoding=\"async\" class=\"aligncenter wp-image-339 size-medium\" src=\"http:\/\/asv-winterthur.ch\/wp-content\/uploads\/2018\/11\/ReneHildTacticalLogo-300x130.png\" alt=\"\" width=\"300\" height=\"130\" srcset=\"http:\/\/www.asv-winterthur.ch\/wp-content\/uploads\/2018\/11\/ReneHildTacticalLogo-300x130.png 300w, http:\/\/www.asv-winterthur.ch\/wp-content\/uploads\/2018\/11\/ReneHildTacticalLogo-768x332.png 768w, http:\/\/www.asv-winterthur.ch\/wp-content\/uploads\/2018\/11\/ReneHildTacticalLogo.png 954w\" sizes=\"(max-width: 300px) 100vw, 300px\" \/><\/a><\/p>\n<p><a href=\"https:\/\/www.hasler.ch\/\" target=\"_blank\" rel=\"noopener\"><img loading=\"lazy\" decoding=\"async\" class=\"size-medium aligncenter\" src=\"https:\/\/www.hasler.ch\/www_hasler\/pages\/img\/hasler_profi_de.svg\" width=\"340\" height=\"103\" \/><\/a><\/p>\n<p><a href=\"http:\/\/www.hermannseck.ch\/\" target=\"_blank\" rel=\"noopener\"><img loading=\"lazy\" decoding=\"async\" class=\"aligncenter size-medium\" src=\"http:\/\/www.hermannseck.ch\/files\/Admin\/Logo\/logo1.jpg\" width=\"104\" height=\"155\" \/><\/a><\/p>\n<p><a href=\"http:\/\/www.maler-gehringer.ch\/\" target=\"_blank\" rel=\"noopener\"><img loading=\"lazy\" decoding=\"async\" class=\"aligncenter size-medium\" src=\"http:\/\/www.maler-gehringer.ch\/view\/resize.php?img=126\/1070\/images\/logo.jpg&amp;l=256&amp;h=120&amp;timeAkt=1268700378\" width=\"308\" height=\"156\" \/><\/a><\/p>\n<p><a href=\"http:\/\/www.plattenprofi.ch\/\" target=\"_blank\" rel=\"noopener\"><img loading=\"lazy\" decoding=\"async\" class=\"aligncenter size-medium\" src=\"http:\/\/www.plattenprofi.ch\/images\/logo.jpg\" width=\"312\" height=\"86\" \/><\/a><\/p>\n<p><a href=\"http:\/\/www.szummer.ch\/\" target=\"_blank\" rel=\"noopener\"><img loading=\"lazy\" decoding=\"async\" class=\"aligncenter wp-image-313 size-medium\" src=\"http:\/\/asv-winterthur.ch\/wp-content\/uploads\/2018\/10\/PiaggioCenterLogo-300x68.png\" alt=\"\" width=\"360\" height=\"82\" srcset=\"http:\/\/www.asv-winterthur.ch\/wp-content\/uploads\/2018\/10\/PiaggioCenterLogo-300x68.png 300w, http:\/\/www.asv-winterthur.ch\/wp-content\/uploads\/2018\/10\/PiaggioCenterLogo-768x174.png 768w, http:\/\/www.asv-winterthur.ch\/wp-content\/uploads\/2018\/10\/PiaggioCenterLogo-1024x232.png 1024w, http:\/\/www.asv-winterthur.ch\/wp-content\/uploads\/2018\/10\/PiaggioCenterLogo.png 1287w\" sizes=\"(max-width: 360px) 100vw, 360px\" \/><\/a><\/p>\n<p><a href=\"http:\/\/whd-modelleisenbahn.ch\/\" target=\"_blank\" rel=\"noopener\"><img loading=\"lazy\" decoding=\"async\" class=\"size-medium aligncenter\" src=\"http:\/\/files.designer.hoststar.ch\/hoststar3118\/image\/logo31006x155_20151110.jpg\" width=\"330\" height=\"52\" \/><\/a><\/p>\n<p><a href=\"https:\/\/zehnder-holz.ch\/\" target=\"_blank\" rel=\"noopener\"><img loading=\"lazy\" decoding=\"async\" class=\"size-medium aligncenter\" src=\"https:\/\/zehnder-holz.ch\/files\/inhalt\/logo.png\" width=\"294\" height=\"115\" \/><\/a><\/p>\n<p><a href=\"https:\/\/www.schwarzwaelderag.ch\/\" target=\"_blank\" rel=\"noopener\"><img loading=\"lazy\" decoding=\"async\" class=\"aligncenter wp-image-322 size-medium\" src=\"http:\/\/asv-winterthur.ch\/wp-content\/uploads\/2018\/10\/Schwarzwaelderlogo-300x77.png\" alt=\"\" width=\"330\" height=\"85\" srcset=\"http:\/\/www.asv-winterthur.ch\/wp-content\/uploads\/2018\/10\/Schwarzwaelderlogo-300x77.png 300w, http:\/\/www.asv-winterthur.ch\/wp-content\/uploads\/2018\/10\/Schwarzwaelderlogo-768x198.png 768w, http:\/\/www.asv-winterthur.ch\/wp-content\/uploads\/2018\/10\/Schwarzwaelderlogo-1024x264.png 1024w, http:\/\/www.asv-winterthur.ch\/wp-content\/uploads\/2018\/10\/Schwarzwaelderlogo.png 1488w\" sizes=\"(max-width: 330px) 100vw, 330px\" \/><\/a><\/p>\n<p><a href=\"https:\/\/www.dapp.ch\/\" target=\"_blank\" rel=\"noopener\"><img loading=\"lazy\" decoding=\"async\" class=\"aligncenter size-medium wp-image-362\" src=\"http:\/\/asv-winterthur.ch\/wp-content\/uploads\/2018\/11\/DappLogo-186x300.png\" alt=\"\" width=\"149\" height=\"240\" srcset=\"http:\/\/www.asv-winterthur.ch\/wp-content\/uploads\/2018\/11\/DappLogo-186x300.png 186w, http:\/\/www.asv-winterthur.ch\/wp-content\/uploads\/2018\/11\/DappLogo.png 446w\" sizes=\"(max-width: 149px) 100vw, 149px\" \/><\/a><\/p>\n<p><a href=\"https:\/\/www.willi-frei-bau.ch\/\" target=\"_blank\" rel=\"noopener\"><img loading=\"lazy\" decoding=\"async\" class=\"aligncenter\" src=\"https:\/\/www.willi-frei-bau.ch\/uploads\/565x0_295x0\/f36be352e457405b94496c4d8e21d1ad.png\" alt=\"\" width=\"300\" height=\"150\" \/><\/a><\/p>\n","protected":false},"excerpt":{"rendered":"<p>Das Organisationskomitee dankt unseren Sponsoren ganz herzlich f\u00fcr die grossz\u00fcgige Unterst\u00fctzung. Wir bitten darum alle, bei ihren Eink\u00e4ufen und Arbeitsvergebungen die nachfolgenden Unternehmen zu ber\u00fccksichtigen:<\/p>\n","protected":false},"author":2,"featured_media":0,"parent":0,"menu_order":0,"comment_status":"closed","ping_status":"closed","template":"","meta":{"footnotes":""},"class_list":["post-280","page","type-page","status-publish","hentry"],"_links":{"self":[{"href":"http:\/\/www.asv-winterthur.ch\/index.php?rest_route=\/wp\/v2\/pages\/280","targetHints":{"allow":["GET"]}}],"collection":[{"href":"http:\/\/www.asv-winterthur.ch\/index.php?rest_route=\/wp\/v2\/pages"}],"about":[{"href":"http:\/\/www.asv-winterthur.ch\/index.php?rest_route=\/wp\/v2\/types\/page"}],"author":[{"embeddable":true,"href":"http:\/\/www.asv-winterthur.ch\/index.php?rest_route=\/wp\/v2\/users\/2"}],"replies":[{"embeddable":true,"href":"http:\/\/www.asv-winterthur.ch\/index.php?rest_route=%2Fwp%2Fv2%2Fcomments&post=280"}],"version-history":[{"count":49,"href":"http:\/\/www.asv-winterthur.ch\/index.php?rest_route=\/wp\/v2\/pages\/280\/revisions"}],"predecessor-version":[{"id":515,"href":"http:\/\/www.asv-winterthur.ch\/index.php?rest_route=\/wp\/v2\/pages\/280\/revisions\/515"}],"wp:attachment":[{"href":"http:\/\/www.asv-winterthur.ch\/index.php?rest_route=%2Fwp%2Fv2%2Fmedia&parent=280"}],"curies":[{"name":"wp","href":"https:\/\/api.w.org\/{rel}","templated":true}]}}