{"id":209,"date":"2018-07-29T14:25:00","date_gmt":"2018-07-29T12:25:00","guid":{"rendered":"http:\/\/asv-winterthur.ch\/?page_id=209"},"modified":"2025-11-30T14:27:17","modified_gmt":"2025-11-30T13:27:17","slug":"eulachschiessen-2","status":"publish","type":"page","link":"http:\/\/www.asv-winterthur.ch\/?page_id=209","title":{"rendered":"Schiessplan und Anmeldung"},"content":{"rendered":"\t\t<div data-elementor-type=\"wp-page\" data-elementor-id=\"209\" class=\"elementor elementor-209\">\n\t\t\t\t\t\t<section class=\"elementor-section elementor-top-section elementor-element elementor-element-f60ad15 elementor-section-boxed elementor-section-height-default elementor-section-height-default\" data-id=\"f60ad15\" data-element_type=\"section\" data-e-type=\"section\">\n\t\t\t\t\t\t<div class=\"elementor-container elementor-column-gap-default\">\n\t\t\t\t\t<div class=\"elementor-column elementor-col-100 elementor-top-column elementor-element elementor-element-65ca8b4a\" data-id=\"65ca8b4a\" data-element_type=\"column\" data-e-type=\"column\">\n\t\t\t<div class=\"elementor-widget-wrap elementor-element-populated\">\n\t\t\t\t\t\t<div class=\"elementor-element elementor-element-3e856830 elementor-widget elementor-widget-text-editor\" data-id=\"3e856830\" data-element_type=\"widget\" data-e-type=\"widget\" data-widget_type=\"text-editor.default\">\n\t\t\t\t<div class=\"elementor-widget-container\">\n\t\t\t\t\t\t\t\t\t<p>Liebe Sch\u00fctzinnen und Sch\u00fctzen<\/p>\n<p><!-- \/wp:paragraph --><!-- wp:paragraph {\"align\":\"left\"} --><\/p>\n<p>Wir laden euch herzlich ein zu unserem 21. Eulach-Schiessen 2026 in der Schiessanlage Ohrb\u00fchl Winterthur.<\/p>\n<p><!-- \/wp:paragraph --><!-- wp:paragraph {\"align\":\"left\"} --><\/p>\n<p><strong>Die Schiessdaten 2026 sind wie folgt:<\/strong><\/p>\n<p><!-- \/wp:paragraph --><!-- wp:table --><\/p>\n<figure>\n<table>\n<tbody>\n<tr>\n<td>Freitag<\/td>\n<td>10. April<\/td>\n<td>16.00 &#8211; 19.15<\/td>\n<\/tr>\n<tr>\n<td>Samstag<\/td>\n<td>11. April<\/td>\n<td>08.30 &#8211; 11.15 \/ 13.30 &#8211; 16.00<\/td>\n<\/tr>\n<tr>\n<td>Freitag<\/td>\n<td>17. April<\/td>\n<td>16.00 &#8211; 19.15<\/td>\n<\/tr>\n<tr>\n<td>Samstag<\/td>\n<td>18. April<\/td>\n<td>08.30 &#8211; 11.15 \/ 13.30 &#8211; 16.00<\/td>\n<\/tr>\n<\/tbody>\n<\/table>\n<\/figure>\n<p><!-- \/wp:table --><!-- wp:paragraph --><\/p>\n<p>Alles weitere k\u00f6nnt ihr unserem Festprogramm\u00a0entnehmen oder euch gleich \u00fcber das Formular anmelden.<\/p>\n<p><!-- \/wp:paragraph --><!-- wp:paragraph --><\/p>\n<p><a href=\"http:\/\/www.asv-winterthur.ch\/wp-content\/uploads\/2025\/11\/asv-winterthur_-festprogramm-2026_website.pdf\">Festprogramm<\/a><\/p>\n<p><!-- \/wp:paragraph --><!-- wp:paragraph --><\/p>\n<p><a href=\"http:\/\/www.asv-winterthur.ch\/wp-content\/uploads\/2025\/11\/Anmeldformular26.xls\">Anmeldformular<\/a><\/p>\n<p><!-- \/wp:paragraph --><\/p>\n<p><!-- wp:group \/--><\/p>\n<p><!-- wp:paragraph --><\/p>\n<p>\n<div class=\"wpcf7 no-js\" id=\"wpcf7-f14-o1\" lang=\"de-DE\" dir=\"ltr\" data-wpcf7-id=\"14\">\n<div class=\"screen-reader-response\"><p role=\"status\" aria-live=\"polite\" aria-atomic=\"true\"><\/p> <ul><\/ul><\/div>\n<form action=\"\/index.php?rest_route=%2Fwp%2Fv2%2Fpages%2F209#wpcf7-f14-o1\" method=\"post\" class=\"wpcf7-form init\" aria-label=\"Kontaktformular\" enctype=\"multipart\/form-data\" novalidate=\"novalidate\" data-status=\"init\">\n<fieldset class=\"hidden-fields-container\"><input type=\"hidden\" name=\"_wpcf7\" value=\"14\" \/><input type=\"hidden\" name=\"_wpcf7_version\" value=\"6.1.5\" \/><input type=\"hidden\" name=\"_wpcf7_locale\" value=\"de_DE\" \/><input type=\"hidden\" name=\"_wpcf7_unit_tag\" value=\"wpcf7-f14-o1\" \/><input type=\"hidden\" name=\"_wpcf7_container_post\" value=\"0\" \/><input type=\"hidden\" name=\"_wpcf7_posted_data_hash\" value=\"\" \/>\n<\/fieldset>\n<style>\n.wps-form {\n width: 100%;\n margin: 0 auto;\n}\n.wps-form .wps-form-row {\n display: flex;\n flex-direction: column;\n width: 100%;\n}\n.wps-form .wps-form-row .wpcf7-form-control {\n width: 100%;\n}\n.wps-form .wps-form-column {\n flex: 1;\n width: 100%;\n padding: .5rem 0;\n}\n\/* Notebook \/ Desktop *\/\n@media only screen and (min-width: 48em) { \n .wps-form .wps-form-row {\n flex-direction: row;\n }\n .wps-form .wps-form-column {\n padding: .5rem 1rem;\n }\n}\n<\/style>\n<div class=\"wps-form\">\n <!-- Contact Form 7 Code -->\n\t<div class=\"wps-form-row\">\n\t\t<div class=\"wps-form-column\">\n\t\t\t<p><label> Vereinsname<br \/>\n<span class=\"wpcf7-form-control-wrap\" data-name=\"your-verein\"><input size=\"40\" maxlength=\"400\" class=\"wpcf7-form-control wpcf7-text wpcf7-validates-as-required\" aria-required=\"true\" aria-invalid=\"false\" value=\"\" type=\"text\" name=\"your-verein\" \/><\/span> <\/label>\n\t\t\t<\/p>\n\t\t<\/div>\n\t<\/div>\n\t<div class=\"wps-form-row\">\n\t\t<div class=\"wps-form-column\">\n\t\t\t<p><label> Ort \/ Kanton<br \/>\n<span class=\"wpcf7-form-control-wrap\" data-name=\"your-origin\"><input size=\"40\" maxlength=\"400\" class=\"wpcf7-form-control wpcf7-text wpcf7-validates-as-required\" aria-required=\"true\" aria-invalid=\"false\" value=\"\" type=\"text\" name=\"your-origin\" \/><\/span> <\/label>\n\t\t\t<\/p>\n\t\t<\/div>\n\t<\/div>\n\t<div class=\"wps-form-row\">\n\t\t<div class=\"wps-form-column\">\n\t\t\t<p><label> SSV Nr.<br \/>\n<span class=\"wpcf7-form-control-wrap\" data-name=\"your-ssv\"><input class=\"wpcf7-form-control wpcf7-number wpcf7-validates-as-required wpcf7-validates-as-number\" aria-required=\"true\" aria-invalid=\"false\" value=\"\" type=\"number\" name=\"your-ssv\" \/><\/span> <\/label>\n\t\t\t<\/p>\n\t\t<\/div>\n\t<\/div>\n\t<p><label> Kontaktadresse: <\/label>\n\t<\/p>\n\t<div class=\"wps-form-row\">\n\t\t<div class=\"wps-form-column\">\n\t\t\t<p><label> Name<br \/>\n<span class=\"wpcf7-form-control-wrap\" data-name=\"your-name\"><input size=\"40\" maxlength=\"400\" class=\"wpcf7-form-control wpcf7-text wpcf7-validates-as-required\" aria-required=\"true\" aria-invalid=\"false\" value=\"\" type=\"text\" name=\"your-name\" \/><\/span> <\/label>\n\t\t\t<\/p>\n\t\t<\/div>\n\t<\/div>\n\t<div class=\"wps-form-row\">\n\t\t<div class=\"wps-form-column\">\n\t\t\t<p><label> Strasse<br \/>\n<span class=\"wpcf7-form-control-wrap\" data-name=\"your-str\"><input size=\"40\" maxlength=\"400\" class=\"wpcf7-form-control wpcf7-text wpcf7-validates-as-required\" aria-required=\"true\" aria-invalid=\"false\" value=\"\" type=\"text\" name=\"your-str\" \/><\/span> <\/label>\n\t\t\t<\/p>\n\t\t<\/div>\n\t<\/div>\n\t<div class=\"wps-form-row\">\n\t\t<div class=\"wps-form-column\">\n\t\t\t<p><label> PLZ<br \/>\n<span class=\"wpcf7-form-control-wrap\" data-name=\"your-PLZ\"><input size=\"40\" maxlength=\"400\" class=\"wpcf7-form-control wpcf7-text wpcf7-validates-as-required\" aria-required=\"true\" aria-invalid=\"false\" value=\"\" type=\"text\" name=\"your-PLZ\" \/><\/span> <\/label>\n\t\t\t<\/p>\n\t\t<\/div>\n\t\t<div class=\"wps-form-column\">\n\t\t\t<p><label> Ort<br \/>\n<span class=\"wpcf7-form-control-wrap\" data-name=\"your-ort\"><input size=\"40\" maxlength=\"400\" class=\"wpcf7-form-control wpcf7-text wpcf7-validates-as-required\" aria-required=\"true\" aria-invalid=\"false\" value=\"\" type=\"text\" name=\"your-ort\" \/><\/span> <\/label>\n\t\t\t<\/p>\n\t\t<\/div>\n\t<\/div>\n\t<div class=\"wps-form-row\">\n\t\t<div class=\"wps-form-column\">\n\t\t\t<p><label> Telefon<br \/>\n<span class=\"wpcf7-form-control-wrap\" data-name=\"your-phone\"><input size=\"40\" maxlength=\"400\" class=\"wpcf7-form-control wpcf7-tel wpcf7-validates-as-required wpcf7-text wpcf7-validates-as-tel\" aria-required=\"true\" aria-invalid=\"false\" value=\"\" type=\"tel\" name=\"your-phone\" \/><\/span> <\/label>\n\t\t\t<\/p>\n\t\t<\/div>\n\t<\/div>\n\t<div class=\"wps-form-row\">\n\t\t<div class=\"wps-form-column\">\n\t\t\t<p><label> E-Mail-Adresse<br \/>\n<span class=\"wpcf7-form-control-wrap\" data-name=\"your-email\"><input size=\"40\" maxlength=\"400\" class=\"wpcf7-form-control wpcf7-email wpcf7-validates-as-required wpcf7-text wpcf7-validates-as-email\" aria-required=\"true\" aria-invalid=\"false\" value=\"\" type=\"email\" name=\"your-email\" \/><\/span> <\/label>\n\t\t\t<\/p>\n\t\t<\/div>\n\t<\/div>\n\t<div class=\"wps-form-row\">\n\t\t<div class=\"wps-form-column\">\n\t\t\t<p><label> Anmeldeformular hochladen (Excel, Word, PDF)<br \/>\n<span class=\"wpcf7-form-control-wrap\" data-name=\"file-anmeldung\"><input size=\"40\" class=\"wpcf7-form-control wpcf7-file wpcf7-validates-as-required\" accept=\".xls,.xlsx,.doc,.docx,.pdf\" aria-required=\"true\" aria-invalid=\"false\" type=\"file\" name=\"file-anmeldung\" \/><\/span> <\/label>\n\t\t\t<\/p>\n\t\t<\/div>\n\t<\/div>\n\t<div class=\"wps-form-row\">\n\t\t<div class=\"wps-form-column\">\n\t\t\t<p><input class=\"wpcf7-form-control wpcf7-submit has-spinner\" type=\"submit\" value=\"Senden\" \/>\n\t\t\t<\/p>\n\t\t<\/div>\n\t<\/div>\n<\/div><p style=\"display: none !important;\" class=\"akismet-fields-container\" data-prefix=\"_wpcf7_ak_\"><label>&#916;<textarea name=\"_wpcf7_ak_hp_textarea\" cols=\"45\" rows=\"8\" maxlength=\"100\"><\/textarea><\/label><input type=\"hidden\" id=\"ak_js_1\" name=\"_wpcf7_ak_js\" value=\"228\"\/><script>\ndocument.getElementById( \"ak_js_1\" ).setAttribute( \"value\", ( new Date() ).getTime() );\n<\/script>\n<\/p><div class=\"wpcf7-response-output\" aria-hidden=\"true\"><\/div>\n<\/form>\n<\/div>\n<\/p>\n<p><!-- \/wp:paragraph --><\/p>\n<p>\u00a0<\/p>\t\t\t\t\t\t\t\t<\/div>\n\t\t\t\t<\/div>\n\t\t\t\t\t<\/div>\n\t\t<\/div>\n\t\t\t\t\t<\/div>\n\t\t<\/section>\n\t\t\t\t<\/div>\n\t\t","protected":false},"excerpt":{"rendered":"<p>Liebe Sch\u00fctzinnen und Sch\u00fctzen Wir laden euch herzlich ein zu unserem 21. Eulach-Schiessen 2026 in der Schiessanlage Ohrb\u00fchl Winterthur. Die Schiessdaten 2026 sind wie folgt: Freitag 10. April 16.00 &#8211; 19.15 Samstag 11. April 08.30 &#8211; 11.15 \/ 13.30 &#8211; 16.00 Freitag 17. April 16.00 &#8211; 19.15 Samstag 18. April 08.30 &#8211; 11.15 \/ 13.30 &hellip; <\/p>\n<p class=\"link-more\"><a href=\"http:\/\/www.asv-winterthur.ch\/?page_id=209\" class=\"more-link\"><span class=\"screen-reader-text\">\u201eSchiessplan und Anmeldung\u201c<\/span> weiterlesen<\/a><\/p>\n","protected":false},"author":2,"featured_media":0,"parent":0,"menu_order":0,"comment_status":"closed","ping_status":"closed","template":"","meta":{"footnotes":""},"class_list":["post-209","page","type-page","status-publish","hentry"],"_links":{"self":[{"href":"http:\/\/www.asv-winterthur.ch\/index.php?rest_route=\/wp\/v2\/pages\/209","targetHints":{"allow":["GET"]}}],"collection":[{"href":"http:\/\/www.asv-winterthur.ch\/index.php?rest_route=\/wp\/v2\/pages"}],"about":[{"href":"http:\/\/www.asv-winterthur.ch\/index.php?rest_route=\/wp\/v2\/types\/page"}],"author":[{"embeddable":true,"href":"http:\/\/www.asv-winterthur.ch\/index.php?rest_route=\/wp\/v2\/users\/2"}],"replies":[{"embeddable":true,"href":"http:\/\/www.asv-winterthur.ch\/index.php?rest_route=%2Fwp%2Fv2%2Fcomments&post=209"}],"version-history":[{"count":100,"href":"http:\/\/www.asv-winterthur.ch\/index.php?rest_route=\/wp\/v2\/pages\/209\/revisions"}],"predecessor-version":[{"id":1490,"href":"http:\/\/www.asv-winterthur.ch\/index.php?rest_route=\/wp\/v2\/pages\/209\/revisions\/1490"}],"wp:attachment":[{"href":"http:\/\/www.asv-winterthur.ch\/index.php?rest_route=%2Fwp%2Fv2%2Fmedia&parent=209"}],"curies":[{"name":"wp","href":"https:\/\/api.w.org\/{rel}","templated":true}]}}