{"id":142,"date":"2018-05-26T11:46:48","date_gmt":"2018-05-26T09:46:48","guid":{"rendered":"http:\/\/asv-winterthur.ch\/?page_id=142"},"modified":"2026-02-28T12:12:54","modified_gmt":"2026-02-28T11:12:54","slug":"vereinsmeisterschaft","status":"publish","type":"page","link":"http:\/\/www.asv-winterthur.ch\/?page_id=142","title":{"rendered":"Vereinsmeisterschaft"},"content":{"rendered":"\t\t<div data-elementor-type=\"wp-page\" data-elementor-id=\"142\" class=\"elementor elementor-142\">\n\t\t\t\t\t\t<section class=\"elementor-section elementor-top-section elementor-element elementor-element-749b801b elementor-section-boxed elementor-section-height-default elementor-section-height-default\" data-id=\"749b801b\" data-element_type=\"section\" data-e-type=\"section\">\n\t\t\t\t\t\t<div class=\"elementor-container elementor-column-gap-default\">\n\t\t\t\t\t<div class=\"elementor-column elementor-col-100 elementor-top-column elementor-element elementor-element-475d07a8\" data-id=\"475d07a8\" data-element_type=\"column\" data-e-type=\"column\">\n\t\t\t<div class=\"elementor-widget-wrap elementor-element-populated\">\n\t\t\t\t\t\t<div class=\"elementor-element elementor-element-1247ee45 elementor-widget__width-initial elementor-widget elementor-widget-text-editor\" data-id=\"1247ee45\" data-element_type=\"widget\" data-e-type=\"widget\" data-widget_type=\"text-editor.default\">\n\t\t\t\t<div class=\"elementor-widget-container\">\n\t\t\t\t\t\t\t\t\t<h4>Vereinsmeisterschaft 2026<\/h4>\n<p><!-- \/wp:heading --><!-- wp:paragraph --><\/p>\n<p>Die Kosten f\u00fcr die Vereinsmeisterschaft 2026 betragen:<\/p>\n<p><!-- \/wp:paragraph --><!-- wp:table --><\/p>\n<table style=\"height: 80px;\" width=\"260\">\n<tbody>\n<tr>\n<td><span style=\"font-size: 12pt;\"><b>Aktive<\/b><\/span><\/td>\n<td><span style=\"font-size: 12pt;\"><strong>Fr. 30.00<\/strong><\/span><\/td>\n<\/tr>\n<tr>\n<td><span style=\"font-size: 12pt;\"><b>Jungsch\u00fctzen<\/b><\/span><\/td>\n<td><span style=\"font-size: 12pt;\"><strong>Fr. 20.00<\/strong><\/span><\/td>\n<\/tr>\n<\/tbody>\n<\/table>\n<p class=\"wp-block-table\"><span style=\"color: var( --e-global-color-text ); font-family: var( --e-global-typography-text-font-family ), Sans-serif; font-weight: var( --e-global-typography-text-font-weight ); font-size: 1rem;\">Diese Jahr geh\u00f6ren folgende Schiessen\/Stiche zur Meisterschaft:<\/span><\/p>\n<p>Er\u00f6ffnungsschiessen 2026<br \/>Feldschiessen 2026<br \/>Eulach-Schiessen 2026 (obligatorisch)<br \/>Bezirksschiessen 2026 (obligatorisch)<br \/>Feldstich 2026<br \/>Sektionsmeisterschaft 2026 (1. Runde)<br \/>Vancouver-Stich 2026<br \/>Cape Town -Stich 2026<br \/>Von den besuchten Wettk\u00e4mpfen gem\u00e4ss GV Beschluss die besten 5 Resultate<br \/><strong><br \/>Reglement: <\/strong><\/p>\n<p>Auswertige Wettk\u00e4mpfe<\/p>\n<p>Eulach-Schiessen und Bezirksschiessen sind obligatorische Wettk\u00e4mpfe<!-- \/wp:list-item --><!-- wp:list-item --><\/p>\n<p>Von allen andern Wettk\u00e4mpfen gem\u00e4ss GV-Beschluss z\u00e4hlen die besten 5 Resultate (Sektion- oder Gruppe-Stich)<\/p>\n<p>Sind die Programme unterschiedliche, wird mit einem Dreisatz die 10 Sch\u00fcsse berechnet.<\/p>\n<p>Wer am Er\u00f6ffnungsschiessen, Eulach-Schiessen und Bezirksschiessen verhindert ist, kann die Stiche auch im Training unter Wettkampfbedingungen schiessen. Dabei gilt folgendes zu beachten:<\/p>\n<p>Der Stich muss vor allem anderen Aktivit\u00e4ten geschossen werden mit maximal 2 Probesch\u00fcssen.<\/p>\n<p>Standartgewehrsch\u00fctzen erhalten einen Abzug von 2 Pt.<\/p>\n<p>Ordonanzgewehrsch\u00fctzen erhalten keinen Abzug<\/p>\n<p><!-- \/wp:paragraph --><!-- wp:paragraph --><\/p>\n<p><!-- \/wp:paragraph --><!-- wp:list --><\/p>\n<ul>\n<li style=\"list-style-type: none;\">\n<ul><!-- wp:list-item --><\/ul>\n<\/li>\n<\/ul>\n<ul>\n<li style=\"list-style-type: none;\">\n<ul>\n<li>Bei der Sektionsmeisterschaft gilt die 1. Runde als Resultatbewertung<\/li>\n<\/ul>\n<\/li>\n<\/ul>\n<p><!-- \/wp:list-item --><!-- wp:list-item --><!-- \/wp:list-item --><!-- wp:list-item --><\/p>\n<ul>\n<li style=\"list-style-type: none;\">\n<ul>\n<li>Bei allen anderen genannten Stichen gilt der Hauptdoppel f\u00fcr die Resultatbewertung<\/li>\n<\/ul>\n<\/li>\n<\/ul>\n<p><!-- \/wp:list-item --><!-- wp:list-item --><\/p>\n<ul>\n<li style=\"list-style-type: none;\">\n<ul>\n<li>Aktiv B Mitglieder, die Stiche im A Verein schiessen m\u00fcssen, bringen eine Kopie des Resultates.<\/li>\n<li>C-Anl\u00e4sse ESF und Toggenburger Landschiessen z\u00e4hlen auch zu den besten 5 Resultaten<\/li>\n<\/ul>\n<\/li>\n<\/ul>\n<p><!-- \/wp:list-item --><!-- wp:list-item --><!-- \/wp:list-item --><\/p>\n<p><!-- \/wp:list --><!-- wp:paragraph --><\/p>\n<p>Bei Gleichstand in der Vereinsmeisterschaft wird die Rangliste wie folgt erstellt:<\/p>\n<p><!-- \/wp:paragraph --><!-- wp:paragraph --><\/p>\n<p>1. FS<br \/><span style=\"color: var( --e-global-color-text ); font-family: var( --e-global-typography-text-font-family ), Sans-serif; font-weight: var( --e-global-typography-text-font-weight ); font-size: 1rem;\">2. Er\u00f6ffnungsschiessen<\/span><br \/>3. Jahrgang (Jung vor Alt)<\/p>\n<p><!-- \/wp:paragraph --><!-- wp:paragraph --><\/p>\n<p>N\u00e4heren Angaben zu den Stichen\/Reglementen findet ihr im VM-Reglementen-Ordner im Ohrb\u00fchl<\/p>\n<p><!-- \/wp:paragraph --><\/p>\t\t\t\t\t\t\t\t<\/div>\n\t\t\t\t<\/div>\n\t\t\t\t\t<\/div>\n\t\t<\/div>\n\t\t\t\t\t<\/div>\n\t\t<\/section>\n\t\t\t\t<\/div>\n\t\t","protected":false},"excerpt":{"rendered":"<p>Vereinsmeisterschaft 2026 Die Kosten f\u00fcr die Vereinsmeisterschaft 2026 betragen: Aktive Fr. 30.00 Jungsch\u00fctzen Fr. 20.00 Diese Jahr geh\u00f6ren folgende Schiessen\/Stiche zur Meisterschaft: Er\u00f6ffnungsschiessen 2026Feldschiessen 2026Eulach-Schiessen 2026 (obligatorisch)Bezirksschiessen 2026 (obligatorisch)Feldstich 2026Sektionsmeisterschaft 2026 (1. Runde)Vancouver-Stich 2026Cape Town -Stich 2026Von den besuchten Wettk\u00e4mpfen gem\u00e4ss GV Beschluss die besten 5 ResultateReglement: Auswertige Wettk\u00e4mpfe Eulach-Schiessen und Bezirksschiessen sind obligatorische Wettk\u00e4mpfe &hellip; <\/p>\n<p class=\"link-more\"><a href=\"http:\/\/www.asv-winterthur.ch\/?page_id=142\" class=\"more-link\"><span class=\"screen-reader-text\">\u201eVereinsmeisterschaft\u201c<\/span> weiterlesen<\/a><\/p>\n","protected":false},"author":2,"featured_media":0,"parent":0,"menu_order":0,"comment_status":"closed","ping_status":"closed","template":"elementor_header_footer","meta":{"footnotes":""},"class_list":["post-142","page","type-page","status-publish","hentry"],"_links":{"self":[{"href":"http:\/\/www.asv-winterthur.ch\/index.php?rest_route=\/wp\/v2\/pages\/142","targetHints":{"allow":["GET"]}}],"collection":[{"href":"http:\/\/www.asv-winterthur.ch\/index.php?rest_route=\/wp\/v2\/pages"}],"about":[{"href":"http:\/\/www.asv-winterthur.ch\/index.php?rest_route=\/wp\/v2\/types\/page"}],"author":[{"embeddable":true,"href":"http:\/\/www.asv-winterthur.ch\/index.php?rest_route=\/wp\/v2\/users\/2"}],"replies":[{"embeddable":true,"href":"http:\/\/www.asv-winterthur.ch\/index.php?rest_route=%2Fwp%2Fv2%2Fcomments&post=142"}],"version-history":[{"count":25,"href":"http:\/\/www.asv-winterthur.ch\/index.php?rest_route=\/wp\/v2\/pages\/142\/revisions"}],"predecessor-version":[{"id":1576,"href":"http:\/\/www.asv-winterthur.ch\/index.php?rest_route=\/wp\/v2\/pages\/142\/revisions\/1576"}],"wp:attachment":[{"href":"http:\/\/www.asv-winterthur.ch\/index.php?rest_route=%2Fwp%2Fv2%2Fmedia&parent=142"}],"curies":[{"name":"wp","href":"https:\/\/api.w.org\/{rel}","templated":true}]}}