{"id":106,"date":"2018-05-17T16:10:40","date_gmt":"2018-05-17T14:10:40","guid":{"rendered":"http:\/\/asv-winterthur.ch\/?page_id=106"},"modified":"2019-01-26T15:39:12","modified_gmt":"2019-01-26T14:39:12","slug":"portrait","status":"publish","type":"page","link":"http:\/\/www.asv-winterthur.ch\/?page_id=106","title":{"rendered":"Vorstand"},"content":{"rendered":"\n<h4 class=\"wp-block-heading\">Portrait ASV Winterthur (Vorstand)<\/h4>\n\n\n\n<table class=\"wp-block-table\"><tbody><tr><td>Pr\u00e4sident<\/td><td>Roland Burdet<\/td><\/tr><tr><td>Vizepr\u00e4sident<\/td><td>Rene Szummer<\/td><\/tr><tr><td>Kassier<br>Postkonto 84-2228-1<\/td><td>Martin Sieber<\/td><\/tr><tr><td>Aktuar<br>(Sch\u00fctzenmeister)<\/td><td>Rolf Klauser<\/td><\/tr><tr><td>1. Sch\u00fctzenmeister<\/td><td>Daniel Furrer<\/td><\/tr><tr><td>Jungsch\u00fctzenleiter<br>(Sch\u00fctzenmeister)<\/td><td>Martin Widmer<\/td><\/tr><tr><td>Vorstandsmitglied<\/td><td>Peter Lorenz<\/td><\/tr><\/tbody><\/table>\n","protected":false},"excerpt":{"rendered":"<p>Portrait ASV Winterthur (Vorstand) Pr\u00e4sident Roland Burdet Vizepr\u00e4sident Rene Szummer KassierPostkonto 84-2228-1 Martin Sieber Aktuar(Sch\u00fctzenmeister) Rolf Klauser 1. Sch\u00fctzenmeister Daniel Furrer Jungsch\u00fctzenleiter(Sch\u00fctzenmeister) Martin Widmer Vorstandsmitglied Peter Lorenz<\/p>\n","protected":false},"author":2,"featured_media":0,"parent":0,"menu_order":0,"comment_status":"closed","ping_status":"closed","template":"","meta":{"footnotes":""},"class_list":["post-106","page","type-page","status-publish","hentry"],"_links":{"self":[{"href":"http:\/\/www.asv-winterthur.ch\/index.php?rest_route=\/wp\/v2\/pages\/106","targetHints":{"allow":["GET"]}}],"collection":[{"href":"http:\/\/www.asv-winterthur.ch\/index.php?rest_route=\/wp\/v2\/pages"}],"about":[{"href":"http:\/\/www.asv-winterthur.ch\/index.php?rest_route=\/wp\/v2\/types\/page"}],"author":[{"embeddable":true,"href":"http:\/\/www.asv-winterthur.ch\/index.php?rest_route=\/wp\/v2\/users\/2"}],"replies":[{"embeddable":true,"href":"http:\/\/www.asv-winterthur.ch\/index.php?rest_route=%2Fwp%2Fv2%2Fcomments&post=106"}],"version-history":[{"count":6,"href":"http:\/\/www.asv-winterthur.ch\/index.php?rest_route=\/wp\/v2\/pages\/106\/revisions"}],"predecessor-version":[{"id":486,"href":"http:\/\/www.asv-winterthur.ch\/index.php?rest_route=\/wp\/v2\/pages\/106\/revisions\/486"}],"wp:attachment":[{"href":"http:\/\/www.asv-winterthur.ch\/index.php?rest_route=%2Fwp%2Fv2%2Fmedia&parent=106"}],"curies":[{"name":"wp","href":"https:\/\/api.w.org\/{rel}","templated":true}]}}